{"id":2150,"date":"2020-02-17T17:03:55","date_gmt":"2020-02-17T17:03:55","guid":{"rendered":"http:\/\/comunicaredavvero.it\/?page_id=2150"},"modified":"2020-12-06T19:26:02","modified_gmt":"2020-12-06T19:26:02","slug":"chi-siamo","status":"publish","type":"page","link":"https:\/\/www.comunicaredavvero.it\/index.php\/chi-siamo\/","title":{"rendered":"Chi"},"content":{"rendered":"\n<figure class=\"wp-block-image alignfull size-large\"><img src=\"http:\/\/comunicaredavvero.it\/wp-content\/uploads\/2020\/02\/CHI-scaled-e1582019515695-1024x622.jpg\" alt=\"\" class=\"wp-image-2305\"\/><figcaption><br><\/figcaption><\/figure>\n\n\n\n<h1 class=\"has-text-color\" style=\"color:#c02424\"><strong>Uno pi\u00f9 uno, uguale tre<\/strong><\/h1>\n\n\n\n<p><\/p>\n\n\n\n<p>Due professionisti con background diversi ma complementari, che sentono la stessa urgenza di dare un <strong>contributo nuovo alla formazione manageriale<\/strong> per tutto ci\u00f2 che riguarda la comunicazione in pubblico. <\/p>\n\n\n\n<p>Che pensano che \u00e8 tempo di far entrare nelle aziende un know-how nuovo, che d\u00e0 pieno diritto di cittadinanza alle <strong>emozioni come leva per \u201caccendere le persone\u201d<\/strong>, per coinvolgerle e per attivare le loro risorse migliori. <\/p>\n\n\n\n<p>E lo facciamo in modi diversi:<\/p>\n\n\n\n<p>Tiziana porta l\u2019Esperienza attiva attraverso il Teatro, l\u2019espressivit\u00e0 creativa, il lavoro sul s\u00e9 (risorse e blocchi) e sulle emozioni.  Guido porta la Parola, il pensiero, la struttura. <\/p>\n\n\n\n<p>Tiziana \u00e8 il Caos creativo, la lente deformante che permette di vedere le cose da un\u2019altra angolazione, Guido \u00e8 l\u2019Ordine, lo sguardo strategico che ricompone esperimenti e tecniche in sintesi nuove.<\/p>\n\n\n\n<p>In particolare ci appassiona lavorare su: <\/p>\n\n\n\n<p class=\"has-vivid-red-color has-text-color\"><strong>1. Dare struttura ai contenuti per trasformare dati e informazioni in storie interessanti e racconti coinvolgenti<\/strong><\/p>\n\n\n\n<p class=\"has-vivid-red-color has-text-color\"><strong>2. Sviluppare le risorse corporee, creative, intuitive dello speaker per stabilire una vera connessione con il suo pubblico<\/strong><\/p>\n\n\n\n<p class=\"has-vivid-red-color has-text-color\"><strong>3. Caricare di potere emotivo le informazioni: perch\u00e9 oggi le persone non vogliono solo capire numeri e strategie, le persone vogliono essere &#8220;ispirate&#8221;<\/strong><\/p>\n\n\n\n<p class=\"has-vivid-red-color has-text-color\"><strong>4. Lavorare sulla &#8220;qualit\u00e0 della presenza&#8221; dell&#8217;oratore, per innalzare la sua leadership e il suo carisma personale<\/strong><\/p>\n\n\n\n<div class=\"wp-block-group\"><div class=\"wp-block-group__inner-container\"><\/div><\/div>\n\n\n\n<p>L\u2019obiettivo finale \u00e8 mettere tutto quello che abbiamo imparato in una vita di lavoro al Servizio della Felicit\u00e0 e della Crescita delle Persone, sia nelle aziende che fuori. Perch\u00e9 il mondo in cui viviamo \u00e8 gi\u00e0 sovraccarico di tanta comunicazione che spesso crea solo rumore anzich\u00e9 valore. In questo mondo<strong> comunicare non basta pi\u00f9: bisogna<em> <\/em>Comunicare Davvero.<\/strong><\/p>\n\n\n\n<div class=\"wp-block-themeisle-blocks-advanced-columns has-2-columns has-desktop-equal-layout has-tablet-equal-layout has-mobile-collapsedRows-layout has-default-gap has-vertical-unset\" id=\"wp-block-themeisle-blocks-advanced-columns-d0e1f38e\" style=\"border-width:0px;border-style:solid;border-color:#000000;border-radius:0px;justify-content:unset\"><div class=\"wp-themeisle-block-overlay\" style=\"opacity:0.5;mix-blend-mode:normal\"><\/div><div class=\"innerblocks-wrap\">\n\n<div class=\"wp-block-themeisle-blocks-advanced-column\" id=\"wp-block-themeisle-blocks-advanced-column-a68c1707\" style=\"border-width:0px;border-style:solid;border-color:#000000;border-radius:0px\">\n\n<h4 class=\"has-text-color\" style=\"color:#c02424\"><strong>Tiziana Confalonieri<\/strong><\/h4>\n\n\n<figure class=\"wp-block-image size-large\"><img src=\"http:\/\/comunicaredavvero.it\/wp-content\/uploads\/2019\/12\/tiziana.png\" alt=\"\" class=\"wp-image-34\"><\/figure>\n\n\n<p>Attrice, danzatrice e regista.<br>Sono folgorata sin da bambina da tutto ci\u00f2 che pu\u00f2 accadere su un palcoscenico e ci salgo su all\u2019et\u00e0 di 6 anni. 12 anni di formazione nel mondo della danza: classica, contemporanea, jazz e teatro danza, studiando con grandi coreografi: Brian e Garrison, Dominique Dupuy, Michela Lucenti, Laura Banfi (Accademia Nazionale di Danza Roma, Scuola Millos, M.A.S. e Speed di Milano). <\/p>\n\n\n<p>L\u2019avventura continua nella recitazione teatrale;  10 anni di formazione attoriale: Quelli di Grock, Compagnia E.S.T.I.A, Centro Dominique de Fazio dell\u2019Actor\u2019s Studio. <br>Parallelamente, grazie agli studi di lettere moderne a indirizzo critico estetico presso l\u2019Universit\u00e0 Statale di Milano, affino la conoscenza teorica di questi mondi e coltivo la passione per tutto ci\u00f2 che \u00e8 Comunicazione e urgenza di dire qualcosa, venga poi risolta attraverso una danza, un atto scenico teatrale, una poesia, un testo canzone. <br>E\u2019 cos\u00ec che mi avventuro nel mondo dell\u2019autorato con l\u2019attivit\u00e0 di autore Siae sezione DOR: scrivo canzoni presentate a San Remo Giovani a inizio anni 2000. <br>Durante gli anni universitari, inizio a lavorare. <br>Nel 1989 inizio come \u201coperatrice telemarketing\u201d; qualche anno dopo sono responsabile commerciale in ambito IT: seguo un portfolio clienti sul territorio nazionale (F.A.I. Fondo Ambiente Italiano, Oregon Scientific, Notariato nazionale, Guerlain cosmetici, sono solo alcuni); mi occupo di selezione del Personale Commerciale e sua formazione. Questa \u00e8 la storia. <\/p>\n\n\n<p>Oggi: dirigo Pantagruele Teatro delle Arti, scuola di Teatro che ho fondato nel 2011 a Milano. Sono volto TV in numerosi spot pubblicitari. Mi dedico da 15 anni circa al Teatro-Azienda e alla formazione one to one portando il teatro e le dinamiche comunicazionali apprese, in ambito corporate. Mi interessano le contaminazioni e l\u2019uso del teatro come leva divergente, in ambiti non teatrali. Pi\u00f9 di qualunque cosa, mi interessa facilitare percorsi di \u201ctrasformazione, crescita ed evoluzione\u201d, nelle Persone.<\/p>\n\n\n<p class=\"has-text-color has-vivid-red-color\">Se vuoi altri dettagli, puoi leggere qui il <strong><a href=\"https:\/\/www.linkedin.com\/in\/tiziana-confalonieri-a946b822\/\" target=\"_blank\" rel=\"noreferrer noopener\" aria-label=\"mio profilo Linkedin (apre in una nuova scheda)\">mio profilo Linkedin<\/a><\/strong><\/p>\n\n\n<p class=\"has-text-color has-vivid-red-color\">Per altre informazioni visita: <strong><a href=\"http:\/\/www.pantagrueleteatro.it\/\" target=\"_blank\" rel=\"noreferrer noopener\" aria-label=\"www.pantagrueleteatro.it (apre in una nuova scheda)\">www.pantagrueleteatro.it<\/a><\/strong><\/p>\n\n<\/div>\n\n\n<div class=\"wp-block-themeisle-blocks-advanced-column\" id=\"wp-block-themeisle-blocks-advanced-column-a9aefa25\" style=\"border-width:0px;border-style:solid;border-color:#000000;border-radius:0px\">\n\n<h4 class=\"has-text-color\" style=\"color:#c02424\"><strong>Guido Poli<\/strong><\/h4>\n\n\n<figure class=\"wp-block-image size-large\"><img src=\"http:\/\/comunicaredavvero.it\/wp-content\/uploads\/2019\/12\/guido.png\" alt=\"\" class=\"wp-image-29\"><\/figure>\n\n\n<p>Una laurea in Scienze Politiche alla Sapienza di Roma. <br>Venti anni nel mondo della pubblicit\u00e0 come copywriter, creativo e poi direttore creativo, in agenzie multinazionali di advertising. <br>Ho lavorato nelle produzioni televisive, nella carta stampata, nel mondo delle strategie di marca. Ho curato la comunicazione di marchi come Coca-Cola, Nescaf\u00e9, Buitoni, Martini&amp;Rossi, Cornetto Algida, Alfa Romeo. <br>In quegli anni ho imparato cosa vuol dire creare una comunicazione sintetica e d\u2019impatto, che parla non solo alla mente ma anche al cuore e all\u2019immaginazione delle persone. Tanto di questo know-how viene travasato oggi nel mio lavoro di formatore e di coach. <\/p>\n\n\n<p>Oggi il mio focus \u00e8 la consulenza, la formazione e il coaching sulla comunicazione efficace in ambito aziendale e non solo. Il mio lavoro di trainer, basato sui metodi della formazione esperienziale e la facilitazione dei gruppi, si focalizza sui temi della comunicazione interpersonale efficace e collaborativa; il public speaking e la comunicazione d\u2019impatto; la comunicazione carismatica ed emozionale come leva di leadership; lo storytelling aziendale.      <\/p>\n\n\n<p class=\"has-text-color has-vivid-red-color\">Se vuoi altri dettagli, puoi leggere qui il <strong><a href=\"https:\/\/www.linkedin.com\/in\/guidopoli\/\" target=\"_blank\" rel=\"noreferrer noopener\" aria-label=\"mio profilo Linkedin.  (apre in una nuova scheda)\">mio profilo Linkedin. <\/a><\/strong><\/p>\n\n\n<p class=\"has-text-color has-vivid-red-color\">O visita il mio sito: <strong><a href=\"https:\/\/guidopoli.com\/\" target=\"_blank\" rel=\"noreferrer noopener\" aria-label=\"www.guidopoli.com (apre in una nuova scheda)\">www.guidopoli.com<\/a><\/strong><\/p>\n\n\n<p><\/p>\n\n\n<p><\/p>\n\n<\/div>\n\n<\/div><\/div>\n","protected":false},"excerpt":{"rendered":"<p>Uno pi\u00f9 uno, uguale tre Due professionisti con background diversi ma complementari, che sentono la stessa urgenza di dare un contributo nuovo alla formazione manageriale per tutto ci\u00f2 che riguarda la comunicazione in pubblico. Che pensano che \u00e8 tempo di far entrare nelle aziende un know-how nuovo, che d\u00e0 pieno diritto di cittadinanza alle emozioni [&hellip;]<\/p>\n","protected":false},"author":1,"featured_media":0,"parent":0,"menu_order":0,"comment_status":"closed","ping_status":"closed","template":"","meta":[],"_links":{"self":[{"href":"https:\/\/www.comunicaredavvero.it\/index.php\/wp-json\/wp\/v2\/pages\/2150"}],"collection":[{"href":"https:\/\/www.comunicaredavvero.it\/index.php\/wp-json\/wp\/v2\/pages"}],"about":[{"href":"https:\/\/www.comunicaredavvero.it\/index.php\/wp-json\/wp\/v2\/types\/page"}],"author":[{"embeddable":true,"href":"https:\/\/www.comunicaredavvero.it\/index.php\/wp-json\/wp\/v2\/users\/1"}],"replies":[{"embeddable":true,"href":"https:\/\/www.comunicaredavvero.it\/index.php\/wp-json\/wp\/v2\/comments?post=2150"}],"version-history":[{"count":51,"href":"https:\/\/www.comunicaredavvero.it\/index.php\/wp-json\/wp\/v2\/pages\/2150\/revisions"}],"predecessor-version":[{"id":2883,"href":"https:\/\/www.comunicaredavvero.it\/index.php\/wp-json\/wp\/v2\/pages\/2150\/revisions\/2883"}],"wp:attachment":[{"href":"https:\/\/www.comunicaredavvero.it\/index.php\/wp-json\/wp\/v2\/media?parent=2150"}],"curies":[{"name":"wp","href":"https:\/\/api.w.org\/{rel}","templated":true}]}}