{"id":2191,"date":"2020-02-17T17:47:40","date_gmt":"2020-02-17T17:47:40","guid":{"rendered":"http:\/\/comunicaredavvero.it\/?page_id=2191"},"modified":"2020-03-10T13:37:44","modified_gmt":"2020-03-10T13:37:44","slug":"strategie","status":"publish","type":"page","link":"https:\/\/www.comunicaredavvero.it\/index.php\/strategie\/","title":{"rendered":"Comunicare le strategie"},"content":{"rendered":"\n<figure class=\"wp-block-image alignwide size-large\"><img src=\"http:\/\/comunicaredavvero.it\/wp-content\/uploads\/2020\/03\/Comunicare-le-strategie-1-1024x660.png\" alt=\"\" class=\"wp-image-2757\"\/><figcaption><br><\/figcaption><\/figure>\n\n\n\n<h1 class=\"has-text-color\" style=\"color:#c02424\"><strong>2. Comunicare le strategie, guidare il cambiamento<\/strong><\/h1>\n\n\n\n<p><\/p>\n\n\n\n<p>Gli executive che vogliono condividere la loro visione, spiegare un cambiamento, dare le nuove strategie ai manager che dovranno metterle a terra, hanno bisogno di strumenti di comunicazione nuovi e sofisticati.<\/p>\n\n\n\n<p>Infatti <strong>il compito di ogni leader \u00e8 quello di attivare la volont\u00e0 di agire delle sue persone. E pu\u00f2 farlo solo facendo \u201csentire\u201d qualcosa ai suoi uomini. <\/strong>Qualcosa di potente, di motivante, che faccia sentire le persone parte di qualcosa di pi\u00f9 grande, a cui vale la pena appartenere.<\/p>\n\n\n\n<p>Questo programma lavora su questo livello: come <strong>creare connessione con la mente e il cuore delle persone<\/strong>, come trasformare le proprie argomentazioni in <strong>\u201cstorie e racconti\u201d che aiutano gli altri a immaginare nuove prospettive<\/strong>; anticipando e vincendo le \u201cobiezioni silenziose\u201d che il pubblico ha nella testa ma non manifesta; trasformando gli oppositori in alleati; facendo vedere (non solo pensare astrattamente) quello che<em> tu<\/em> vedi ma <em>loro<\/em> ancora no. <\/p>\n\n\n\n<div style=\"height:20px\" aria-hidden=\"true\" class=\"wp-block-spacer\"><\/div>\n\n\n\n<div class=\"wp-block-button\"><a class=\"wp-block-button__link has-background\" href=\"http:\/\/comunicaredavvero.it\/index.php\/vendite\/\" style=\"background-color:#ec7505;border-radius:4px\">3. Sostenere le vendite usando leve emozionali<\/a><\/div>\n\n\n\n<div style=\"height:70px\" aria-hidden=\"true\" class=\"wp-block-spacer\"><\/div>\n","protected":false},"excerpt":{"rendered":"<p>2. Comunicare le strategie, guidare il cambiamento Gli executive che vogliono condividere la loro visione, spiegare un cambiamento, dare le nuove strategie ai manager che dovranno metterle a terra, hanno bisogno di strumenti di comunicazione nuovi e sofisticati. Infatti il compito di ogni leader \u00e8 quello di attivare la volont\u00e0 di agire delle sue persone. [&hellip;]<\/p>\n","protected":false},"author":1,"featured_media":0,"parent":0,"menu_order":0,"comment_status":"closed","ping_status":"closed","template":"","meta":[],"_links":{"self":[{"href":"https:\/\/www.comunicaredavvero.it\/index.php\/wp-json\/wp\/v2\/pages\/2191"}],"collection":[{"href":"https:\/\/www.comunicaredavvero.it\/index.php\/wp-json\/wp\/v2\/pages"}],"about":[{"href":"https:\/\/www.comunicaredavvero.it\/index.php\/wp-json\/wp\/v2\/types\/page"}],"author":[{"embeddable":true,"href":"https:\/\/www.comunicaredavvero.it\/index.php\/wp-json\/wp\/v2\/users\/1"}],"replies":[{"embeddable":true,"href":"https:\/\/www.comunicaredavvero.it\/index.php\/wp-json\/wp\/v2\/comments?post=2191"}],"version-history":[{"count":20,"href":"https:\/\/www.comunicaredavvero.it\/index.php\/wp-json\/wp\/v2\/pages\/2191\/revisions"}],"predecessor-version":[{"id":2801,"href":"https:\/\/www.comunicaredavvero.it\/index.php\/wp-json\/wp\/v2\/pages\/2191\/revisions\/2801"}],"wp:attachment":[{"href":"https:\/\/www.comunicaredavvero.it\/index.php\/wp-json\/wp\/v2\/media?parent=2191"}],"curies":[{"name":"wp","href":"https:\/\/api.w.org\/{rel}","templated":true}]}}